{"id":12237,"date":"2025-05-02T11:36:25","date_gmt":"2025-05-02T11:36:25","guid":{"rendered":"https:\/\/deskbike.com\/?post_type=product&#038;p=12237"},"modified":"2026-04-13T18:59:08","modified_gmt":"2026-04-13T18:59:08","slug":"deskbike-original","status":"publish","type":"product","link":"https:\/\/deskbike.com\/de\/product\/deskbike-original\/","title":{"rendered":"Deskbike Original"},"content":{"rendered":"<p><strong>Entdecken Sie das Deskbike Original - das ultimative Schreibtischfahrrad f\u00fcr ein dynamischeres Arbeitserlebnis.<br \/>\n<\/strong><br \/>\nDieses kompakte Modell ist perfekt f\u00fcr alle, die ihren Arbeitstag - egal ob im B\u00fcro oder zu Hause - aktiver und ges\u00fcnder gestalten m\u00f6chten. Das Deskbike Original passt perfekt unter jeden Sitz-Steh-Schreibtisch, sodass Sie nahtlos zwischen Sitzen und Radfahren wechseln k\u00f6nnen.<\/p>\n<p>Verwandeln Sie passives Sitzen in eine aktive Routine: B\u00fcroangestellte und Heimarbeiter berichten gleicherma\u00dfen von einem verbesserten Energielevel, sch\u00e4rferem Fokus und gr\u00f6\u00dferer Arbeitszufriedenheit. Mit seinem eleganten Design f\u00fcgt sich das Deskbike Original m\u00fchelos in jeden modernen Arbeitsplatz ein und f\u00f6rdert gleichzeitig die gesunde Bewegung, selbst w\u00e4hrend der arbeitsreichsten Stunden.<\/p>\n<p>Und f\u00fcr noch mehr Komfort und Leistung w\u00e4hlen Sie aus unserem <strong>optionales Zubeh\u00f6r<\/strong>:<\/p>\n<p>&nbsp;<\/p>\n<ul>\n<li><a href=\"https:\/\/deskbike.com\/de\/produkt\/luxus-fahrradsocken\/\"><strong>Luxus-Pedalsocken<\/strong><\/a> f\u00fcr sanfteres Treten,<\/li>\n<li>Die <a href=\"https:\/\/deskbike.com\/de\/produkt\/bluetooth-sensor\/\"><strong>Bluetooth-Sensor<\/strong><\/a> um Ihre Kalorien, Entfernung und Zeit zu messen,<\/li>\n<li>Oder die <a href=\"https:\/\/deskbike.com\/de\/produkt\/komfortable-satteldecke\/\"><strong>komfortable Satteldecke<\/strong><\/a> f\u00fcr zus\u00e4tzliche Unterst\u00fctzung bei langen Arbeitssitzungen.<\/li>\n<\/ul>\n<p><strong><br \/>\nEntscheiden Sie sich f\u00fcr das Deskbike Original und brechen Sie aus Ihrer t\u00e4glichen Routine aus.<\/strong> Bewegen Sie sich, bleiben Sie fit und erleben Sie den Unterschied - jeden Tag - mit dem Original-B\u00fcrofahrrad.<\/p>","protected":false},"excerpt":{"rendered":"<p>Flexibel und stilvoll: Das Deskbike Original verwandelt passives Sitzen in einen aktiven Arbeitstag und eignet sich perfekt f\u00fcr den Einsatz zu Hause oder im B\u00fcro. Sein schlankes Design passt unter jeden Schreibtisch und steigert sowohl die Konzentration als auch die Energie.<\/p>","protected":false},"featured_media":99,"comment_status":"open","ping_status":"closed","template":"","meta":[],"product_brand":[83],"product_cat":[74,21],"product_tag":[],"class_list":{"0":"post-12237","1":"product","2":"type-product","3":"status-publish","4":"has-post-thumbnail","6":"product_brand-deskbike","7":"product_cat-deskbike-original","8":"product_cat-deskbike","10":"first","11":"instock","12":"taxable","13":"shipping-taxable","14":"purchasable","15":"product-type-composite"},"_links":{"self":[{"href":"https:\/\/deskbike.com\/de\/wp-json\/wp\/v2\/product\/12237","targetHints":{"allow":["GET"]}}],"collection":[{"href":"https:\/\/deskbike.com\/de\/wp-json\/wp\/v2\/product"}],"about":[{"href":"https:\/\/deskbike.com\/de\/wp-json\/wp\/v2\/types\/product"}],"replies":[{"embeddable":true,"href":"https:\/\/deskbike.com\/de\/wp-json\/wp\/v2\/comments?post=12237"}],"wp:featuredmedia":[{"embeddable":true,"href":"https:\/\/deskbike.com\/de\/wp-json\/wp\/v2\/media\/99"}],"wp:attachment":[{"href":"https:\/\/deskbike.com\/de\/wp-json\/wp\/v2\/media?parent=12237"}],"wp:term":[{"taxonomy":"product_brand","embeddable":true,"href":"https:\/\/deskbike.com\/de\/wp-json\/wp\/v2\/product_brand?post=12237"},{"taxonomy":"product_cat","embeddable":true,"href":"https:\/\/deskbike.com\/de\/wp-json\/wp\/v2\/product_cat?post=12237"},{"taxonomy":"product_tag","embeddable":true,"href":"https:\/\/deskbike.com\/de\/wp-json\/wp\/v2\/product_tag?post=12237"}],"curies":[{"name":"wp","href":"https:\/\/api.w.org\/{rel}","templated":true}]}}